{"id":104,"date":"2015-05-30T20:49:20","date_gmt":"2015-05-30T18:49:20","guid":{"rendered":"http:\/\/naturopathie.chollet-page.ch\/nouveau\/wordpress\/?page_id=104"},"modified":"2020-08-03T11:58:55","modified_gmt":"2020-08-03T09:58:55","slug":"la-consultation","status":"publish","type":"page","link":"https:\/\/naturopathie.chollet-page.ch\/?page_id=104","title":{"rendered":"La Consultation"},"content":{"rendered":"<div id=\"corps\">\n<p>Une consultation chez un naturopathe ne remplace en aucun cas une consultation chez le m\u00e9decin. Le naturopathe n&rsquo;est pas l\u00e0 pour faire un diagnostic ni pour prescrire des traitements m\u00e9dicaux traditionnels, ce n&rsquo;est pas un m\u00e9decin.<a href=\"https:\/\/naturopathie.chollet-page.ch\/wp-content\/uploads\/2018\/12\/2013-01-22-18.33.50-e1544393951661.jpg\"><img decoding=\"async\" loading=\"lazy\" class=\"wp-image-474 alignright\" src=\"https:\/\/naturopathie.chollet-page.ch\/wp-content\/uploads\/2018\/12\/2013-01-22-18.33.50-e1544393951661-225x300.jpg\" alt=\"\" width=\"92\" height=\"118\" \/><\/a><\/p>\n<p><span style=\"color: #3366ff;\"><strong>L&rsquo;approche du naturopathe est diff\u00e9rente.<\/strong><\/span><\/p>\n<p>Il va essayer de comprendre la cause du probl\u00e8me, pourquoi et comment l\u2019organisme s\u2019est d\u00e9r\u00e9gl\u00e9.<\/p>\n<ul>\n<li><strong>La premi\u00e8re consultation<\/strong> est une anamn\u00e8se compl\u00e8te de la personne.<\/li>\n<\/ul>\n<p>Elle\u00a0 permet d\u2019\u00e9valuer\u00a0son terrain, l\u2019\u00e9tat fonctionnel de ses diff\u00e9rents organes et de ses d\u00e9fenses naturelles, son mode r\u00e9actionnel, son mode de vie et de mettre \u00e0 jour bien souvent d\u2019autres probl\u00e8mes.<\/p>\n<p>En effet, le probl\u00e8me r\u00e9el de d\u00e9part n\u2019est pas forc\u00e9ment le plus visible au niveau des sympt\u00f4mes, et il faut parfois aller chercher loin pour trouver l\u2019origine des troubles. En r\u00e9glant la cause, on voit souvent dispara\u00eetre les sympt\u00f4mes.<\/p>\n<p>Un questionnaire est rempli avec le patient, on lui demande de bien expliquer ce qu\u2019il ressent. Ce bilan peut \u00eatre compl\u00e9t\u00e9 par des examens de laboratoire sp\u00e9cifiques aux naturopathes.<\/p>\n<p>Ensuite le th\u00e9rapeute explique au patient <span style=\"color: #0000ff;\">ses conclusions<\/span> et lui propose des <span style=\"color: #0000ff;\">solutions<\/span> pour l\u2019aider \u00e0 retrouver sant\u00e9, \u00e9quilibre et bien-\u00eatre.<\/p>\n<ul>\n<li><strong>Les consultations suivantes<\/strong> permettent de mettre en place les solutions propos\u00e9es et de suivre les r\u00e9actions de l\u2019organisme.<\/li>\n<\/ul>\n<p>Elles seront de deux ordres :<\/p>\n<ul class=\"tiret\">\n<li>Conseiller le patient en vue d\u2019une modification de ses habitudes de vie qui seule pourra \u00e9liminer durablement les causes v\u00e9ritables des perturbations organiques.<\/li>\n<li>Traiter et r\u00e9\u00e9quilibrer le terrain pour aider et acc\u00e9l\u00e9rer la remise en ordre des perturbations organiques.<\/li>\n<\/ul>\n<p>Ces solutions sont propos\u00e9es au patient et mises en place avec lui. <strong>Rien n&rsquo;est impos\u00e9, tout est propos\u00e9<\/strong>.<\/p>\n<p>Ainsi, le patient comprendra et participera \u00e0 la d\u00e9marche, il sera <strong>acteur responsable et artisan<\/strong> de sa gu\u00e9rison ou de son maintien en bonne sant\u00e9, avec l\u2019appui de son th\u00e9rapeute.<\/p>\n<p><strong>Tarifs:<\/strong><\/p>\n<ul>\n<li>Premi\u00e8re consultation: environ 1h15 \u00e0 1h30: 130 Frs<\/li>\n<li>Consultations suivantes: environ 1 heure: 100 Frs<\/li>\n<\/ul>\n<p>&nbsp;<\/p>\n<p>&nbsp;<\/p>\n<\/div>\n","protected":false},"excerpt":{"rendered":"<p>Une consultation chez un naturopathe ne remplace en aucun cas une consultation chez le m\u00e9decin. Le naturopathe n&rsquo;est pas l\u00e0 pour faire un diagnostic ni pour prescrire des traitements m\u00e9dicaux <a class=\"more-link\" href=\"https:\/\/naturopathie.chollet-page.ch\/?page_id=104\">Continue Reading &rarr;<\/a><\/p>\n","protected":false},"author":1,"featured_media":0,"parent":10,"menu_order":0,"comment_status":"closed","ping_status":"open","template":"","meta":{"footnotes":""},"_links":{"self":[{"href":"https:\/\/naturopathie.chollet-page.ch\/index.php?rest_route=\/wp\/v2\/pages\/104"}],"collection":[{"href":"https:\/\/naturopathie.chollet-page.ch\/index.php?rest_route=\/wp\/v2\/pages"}],"about":[{"href":"https:\/\/naturopathie.chollet-page.ch\/index.php?rest_route=\/wp\/v2\/types\/page"}],"author":[{"embeddable":true,"href":"https:\/\/naturopathie.chollet-page.ch\/index.php?rest_route=\/wp\/v2\/users\/1"}],"replies":[{"embeddable":true,"href":"https:\/\/naturopathie.chollet-page.ch\/index.php?rest_route=%2Fwp%2Fv2%2Fcomments&post=104"}],"version-history":[{"count":11,"href":"https:\/\/naturopathie.chollet-page.ch\/index.php?rest_route=\/wp\/v2\/pages\/104\/revisions"}],"predecessor-version":[{"id":616,"href":"https:\/\/naturopathie.chollet-page.ch\/index.php?rest_route=\/wp\/v2\/pages\/104\/revisions\/616"}],"up":[{"embeddable":true,"href":"https:\/\/naturopathie.chollet-page.ch\/index.php?rest_route=\/wp\/v2\/pages\/10"}],"wp:attachment":[{"href":"https:\/\/naturopathie.chollet-page.ch\/index.php?rest_route=%2Fwp%2Fv2%2Fmedia&parent=104"}],"curies":[{"name":"wp","href":"https:\/\/api.w.org\/{rel}","templated":true}]}}