{"id":153,"date":"2016-06-12T20:02:13","date_gmt":"2016-06-12T18:02:13","guid":{"rendered":"http:\/\/naturopathie.chollet-page.ch\/nouveau\/wordpress\/?page_id=153"},"modified":"2023-09-18T17:02:08","modified_gmt":"2023-09-18T15:02:08","slug":"quest-ce-que-la-naturopathie","status":"publish","type":"page","link":"https:\/\/naturopathie.chollet-page.ch\/?page_id=153","title":{"rendered":"Qu&rsquo;est-ce que la naturopathie?"},"content":{"rendered":"<p>Approche <strong>globale<\/strong> de l\u2019\u00eatre humain et de la sant\u00e9, la naturopathie recouvre un ensemble de m\u00e9thodes naturelles visant \u00e0 renforcer l&rsquo;organisme et \u00e0 restaurer le bien-\u00eatre de la personne.<\/p>\n<p>A la fois pr\u00e9vention et soins elle tend \u00e0 <strong>optimiser la sant\u00e9<\/strong> int\u00e9grale de l\u2019individu en s\u2019appuyant sur de grandes r\u00e8gles de \u00ab\u00a0vie saine\u00a0\u00bb visant \u00e0 r\u00e9\u00e9quilibrer le terrain:<\/p>\n<ul>\n<li>une <strong>alimentation<\/strong> saine et \u00e9quilibr\u00e9e<\/li>\n<li>une <strong>activit\u00e9 physique<\/strong> adapt\u00e9e<\/li>\n<li>un <strong>environnement<\/strong> sain<\/li>\n<li>une gestion correcte des <strong>\u00e9motions et du stress<\/strong><\/li>\n<\/ul>\n<p>Elle cherche la <strong>cause<\/strong> des d\u00e9s\u00e9quilibres et les moyens \u00e0 mettre en \u0153uvre pour entretenir ou recouvrer la sant\u00e9.<\/p>\n<p>Chaque personne, quelque soit son \u00e2ge et son probl\u00e8me, peut trouver une aide dans la naturopathie.<\/p>\n<p>La naturopathie ne se substitue pas \u00e0 la m\u00e9decine conventionnelle mais elle la compl\u00e8te, d&rsquo;o\u00f9 son appartenance aux \u00ab\u00a0m\u00e9decines compl\u00e9mentaires\u00a0\u00bb.<\/p>\n<h3 style=\"text-align: center;\"><span style=\"color: #db21db;\">\u00a0<strong>Pour donner de la vie aux ann\u00e9es <\/strong><\/span><\/h3>\n","protected":false},"excerpt":{"rendered":"<p>Approche globale de l\u2019\u00eatre humain et de la sant\u00e9, la naturopathie recouvre un ensemble de m\u00e9thodes naturelles visant \u00e0 renforcer l&rsquo;organisme et \u00e0 restaurer le bien-\u00eatre de la personne. A <a class=\"more-link\" href=\"https:\/\/naturopathie.chollet-page.ch\/?page_id=153\">Continue Reading &rarr;<\/a><\/p>\n","protected":false},"author":1,"featured_media":0,"parent":0,"menu_order":0,"comment_status":"closed","ping_status":"open","template":"","meta":{"footnotes":""},"_links":{"self":[{"href":"https:\/\/naturopathie.chollet-page.ch\/index.php?rest_route=\/wp\/v2\/pages\/153"}],"collection":[{"href":"https:\/\/naturopathie.chollet-page.ch\/index.php?rest_route=\/wp\/v2\/pages"}],"about":[{"href":"https:\/\/naturopathie.chollet-page.ch\/index.php?rest_route=\/wp\/v2\/types\/page"}],"author":[{"embeddable":true,"href":"https:\/\/naturopathie.chollet-page.ch\/index.php?rest_route=\/wp\/v2\/users\/1"}],"replies":[{"embeddable":true,"href":"https:\/\/naturopathie.chollet-page.ch\/index.php?rest_route=%2Fwp%2Fv2%2Fcomments&post=153"}],"version-history":[{"count":4,"href":"https:\/\/naturopathie.chollet-page.ch\/index.php?rest_route=\/wp\/v2\/pages\/153\/revisions"}],"predecessor-version":[{"id":194,"href":"https:\/\/naturopathie.chollet-page.ch\/index.php?rest_route=\/wp\/v2\/pages\/153\/revisions\/194"}],"wp:attachment":[{"href":"https:\/\/naturopathie.chollet-page.ch\/index.php?rest_route=%2Fwp%2Fv2%2Fmedia&parent=153"}],"curies":[{"name":"wp","href":"https:\/\/api.w.org\/{rel}","templated":true}]}}