{"id":216,"date":"2016-07-12T23:04:21","date_gmt":"2016-07-12T21:04:21","guid":{"rendered":"http:\/\/naturopathie.chollet-page.ch\/nouveau\/wordpress\/?page_id=216"},"modified":"2016-07-23T18:43:36","modified_gmt":"2016-07-23T16:43:36","slug":"la-nutritherapie-curative","status":"publish","type":"page","link":"https:\/\/naturopathie.chollet-page.ch\/?page_id=216","title":{"rendered":"La Nutrith\u00e9rapie curative"},"content":{"rendered":"<p>La nutrith\u00e9rapie <strong>curative<\/strong> s\u2019adresse \u00e0 des personnes pr\u00e9sentant des sympt\u00f4mes \u00e9voquant une carence en micro ou macro nutriments :<\/p>\n<ul>\n<li>Une baisse g\u00e9n\u00e9rale de la vitalit\u00e9 : fatigue, d\u00e9prime ou d\u00e9pressions l\u00e9g\u00e8res, sensibilit\u00e9 au stress que l\u2019on g\u00e8re de plus en plus mal, d\u00e9motivation, perte de toute envie, difficult\u00e9 \u00e0 \u00e9prouver du plaisir et \u00e0 exprimer sa joie de vivre<\/li>\n<li>Des troubles du sommeil<\/li>\n<li>Des infections diverses et r\u00e9p\u00e9titives (urinaires, gyn\u00e9cologiques, ORL, cutan\u00e9es)<\/li>\n<li>Des migraines<\/li>\n<li>Une baisse des facult\u00e9s intellectuelles (baisse de la concentration et de la m\u00e9moire)<\/li>\n<li>Une alt\u00e9ration des tissus (peau s\u00e8che, dermatoses, rides pr\u00e9coces)<\/li>\n<li>Des troubles du m\u00e9tabolisme (probl\u00e8mes digestifs, ob\u00e9sit\u00e9, maigreur\u2026)<\/li>\n<li>Des troubles osseux, articulaires ou ligamentaires<\/li>\n<\/ul>\n","protected":false},"excerpt":{"rendered":"<p>La nutrith\u00e9rapie curative s\u2019adresse \u00e0 des personnes pr\u00e9sentant des sympt\u00f4mes \u00e9voquant une carence en micro ou macro nutriments : Une baisse g\u00e9n\u00e9rale de la vitalit\u00e9 : fatigue, d\u00e9prime ou d\u00e9pressions <a class=\"more-link\" href=\"https:\/\/naturopathie.chollet-page.ch\/?page_id=216\">Continue Reading &rarr;<\/a><\/p>\n","protected":false},"author":1,"featured_media":0,"parent":0,"menu_order":0,"comment_status":"closed","ping_status":"closed","template":"","meta":{"footnotes":""},"_links":{"self":[{"href":"https:\/\/naturopathie.chollet-page.ch\/index.php?rest_route=\/wp\/v2\/pages\/216"}],"collection":[{"href":"https:\/\/naturopathie.chollet-page.ch\/index.php?rest_route=\/wp\/v2\/pages"}],"about":[{"href":"https:\/\/naturopathie.chollet-page.ch\/index.php?rest_route=\/wp\/v2\/types\/page"}],"author":[{"embeddable":true,"href":"https:\/\/naturopathie.chollet-page.ch\/index.php?rest_route=\/wp\/v2\/users\/1"}],"replies":[{"embeddable":true,"href":"https:\/\/naturopathie.chollet-page.ch\/index.php?rest_route=%2Fwp%2Fv2%2Fcomments&post=216"}],"version-history":[{"count":2,"href":"https:\/\/naturopathie.chollet-page.ch\/index.php?rest_route=\/wp\/v2\/pages\/216\/revisions"}],"predecessor-version":[{"id":296,"href":"https:\/\/naturopathie.chollet-page.ch\/index.php?rest_route=\/wp\/v2\/pages\/216\/revisions\/296"}],"wp:attachment":[{"href":"https:\/\/naturopathie.chollet-page.ch\/index.php?rest_route=%2Fwp%2Fv2%2Fmedia&parent=216"}],"curies":[{"name":"wp","href":"https:\/\/api.w.org\/{rel}","templated":true}]}}