{"id":36,"date":"2015-05-30T17:14:14","date_gmt":"2015-05-30T15:14:14","guid":{"rendered":"http:\/\/naturopathie.chollet-page.ch\/nouveau\/wordpress\/?page_id=36"},"modified":"2018-12-11T22:39:22","modified_gmt":"2018-12-11T21:39:22","slug":"qui-suis-je","status":"publish","type":"page","link":"https:\/\/naturopathie.chollet-page.ch\/?page_id=36","title":{"rendered":"Qui suis-je"},"content":{"rendered":"<div id=\"corps\">\n<div class=\"plusbas\">\n<p><strong>Infirmi\u00e8re<\/strong> dipl\u00f4m\u00e9e depuis 1979, j\u2019ai travaill\u00e9 dans diff\u00e9rents secteurs m\u00e9dicaux jusqu\u2019en 2002, je suis actuellement infirmi\u00e8re \u00e0 domicile.<\/p>\n<p><strong>Naturopathe<\/strong>, praticien de sant\u00e9 dipl\u00f4m\u00e9e, j\u2019ai sp\u00e9cialis\u00e9 ma formation dans le domaine de la nutrith\u00e9rapie et tout ce qui s\u2019y rapporte: allergies, dermatoses, d\u00e9r\u00e8glement du syst\u00e8me immunitaire, probl\u00e8mes digestifs, ost\u00e9o-tendineux, vasculaires et circulatoires, O.R.L et respiratoires, stress et mal-\u00eatre\u2026<a href=\"https:\/\/naturopathie.chollet-page.ch\/wp-content\/uploads\/2018\/12\/2013-01-22-18.18.52-petite-orchid\u00e9e.jpg\"><img decoding=\"async\" loading=\"lazy\" class=\"wp-image-476 alignright\" src=\"https:\/\/naturopathie.chollet-page.ch\/wp-content\/uploads\/2018\/12\/2013-01-22-18.18.52-petite-orchid\u00e9e-300x225.jpg\" alt=\"\" width=\"176\" height=\"134\" \/><\/a><\/p>\n<p>Dipl\u00f4me universitaire de <strong>nutrition et micronutrition<\/strong> de la facult\u00e9 de pharmacie de Dijon.<\/p>\n<p><strong>Agr\u00e9\u00e9e par <a href=\"http:\/\/www.aptn.ch\/\">l\u2019APTN<\/a><\/strong> (Association des Praticiens en Th\u00e9rapies Naturelles), mes prestations peuvent \u00eatre rembours\u00e9es selon l\u2019assurance compl\u00e9mentaire que vous avez souscrite.<\/p>\n<p>Formation en <strong>massage<\/strong> visant \u00e0 la d\u00e9tente et \u00e0 la relaxation musculaire,\u00a0 <strong>r\u00e9flexologie podale<\/strong>, massage du visage et de la t\u00eate, massage du ventre.<\/p>\n<p><strong>Enseignante dipl\u00f4m\u00e9e en gymnastique<\/strong>, je pratique depuis 1989 en fitness, en centre de remise en forme et \u00e0 domicile.<\/p>\n<\/div>\n<\/div>\n","protected":false},"excerpt":{"rendered":"<p>Infirmi\u00e8re dipl\u00f4m\u00e9e depuis 1979, j\u2019ai travaill\u00e9 dans diff\u00e9rents secteurs m\u00e9dicaux jusqu\u2019en 2002, je suis actuellement infirmi\u00e8re \u00e0 domicile. Naturopathe, praticien de sant\u00e9 dipl\u00f4m\u00e9e, j\u2019ai sp\u00e9cialis\u00e9 ma formation dans le domaine <a class=\"more-link\" href=\"https:\/\/naturopathie.chollet-page.ch\/?page_id=36\">Continue Reading &rarr;<\/a><\/p>\n","protected":false},"author":1,"featured_media":0,"parent":0,"menu_order":0,"comment_status":"closed","ping_status":"open","template":"","meta":{"footnotes":""},"_links":{"self":[{"href":"https:\/\/naturopathie.chollet-page.ch\/index.php?rest_route=\/wp\/v2\/pages\/36"}],"collection":[{"href":"https:\/\/naturopathie.chollet-page.ch\/index.php?rest_route=\/wp\/v2\/pages"}],"about":[{"href":"https:\/\/naturopathie.chollet-page.ch\/index.php?rest_route=\/wp\/v2\/types\/page"}],"author":[{"embeddable":true,"href":"https:\/\/naturopathie.chollet-page.ch\/index.php?rest_route=\/wp\/v2\/users\/1"}],"replies":[{"embeddable":true,"href":"https:\/\/naturopathie.chollet-page.ch\/index.php?rest_route=%2Fwp%2Fv2%2Fcomments&post=36"}],"version-history":[{"count":6,"href":"https:\/\/naturopathie.chollet-page.ch\/index.php?rest_route=\/wp\/v2\/pages\/36\/revisions"}],"predecessor-version":[{"id":508,"href":"https:\/\/naturopathie.chollet-page.ch\/index.php?rest_route=\/wp\/v2\/pages\/36\/revisions\/508"}],"wp:attachment":[{"href":"https:\/\/naturopathie.chollet-page.ch\/index.php?rest_route=%2Fwp%2Fv2%2Fmedia&parent=36"}],"curies":[{"name":"wp","href":"https:\/\/api.w.org\/{rel}","templated":true}]}}