{"id":38,"date":"2015-05-30T17:26:18","date_gmt":"2015-05-30T15:26:18","guid":{"rendered":"http:\/\/naturopathie.chollet-page.ch\/nouveau\/wordpress\/?page_id=38"},"modified":"2025-06-09T10:23:22","modified_gmt":"2025-06-09T08:23:22","slug":"contact","status":"publish","type":"page","link":"https:\/\/naturopathie.chollet-page.ch\/?page_id=38","title":{"rendered":"Contact"},"content":{"rendered":"<div id=\"corps\">\n<h3 class=\"center\" style=\"text-align: center;\"><strong>Catherine Chollet<\/strong><\/h3>\n<p class=\"center\" style=\"text-align: center;\"><strong>Espace Turquoise<br \/>\n<\/strong><\/p>\n<p style=\"text-align: center;\">Rue Peillonnex 26<\/p>\n<p style=\"text-align: center;\">1225- CH\u00caNE-BOURG<\/p>\n<h6 style=\"text-align: center;\">Le centre est \u00e0 proximit\u00e9 de <strong>Gen\u00e8ve,<\/strong> \u00e0 3 minutes \u00e0 pied de l\u2019arr\u00eat <strong>Peillonnex<\/strong> du tram 12 et 17<\/h6>\n<h6 style=\"text-align: center;\">Parking Aldi et Migros \u00e0 proximit\u00e9<\/h6>\n<h6 style=\"text-align: center;\">Le CEVA est \u00e0 5 minutes \u00e0 pied<\/h6>\n<p style=\"text-align: center;\">L&rsquo;entr\u00e9e se trouve c\u00f4t\u00e9 parc<\/p>\n<h6 style=\"text-align: center;\"><img decoding=\"async\" loading=\"lazy\" id=\"lu_map\" class=\"lu-fs\" title=\"Mrs. Catherine Chollet\u00a0: carte\" src=\"https:\/\/www.google.com\/maps\/vt\/data=YUXtOXxVPyw5AzRrkF21W4eChaiPPV6f78dxG0jrz-JrKztZAQ_5DLfqRzcLlSVPIMrbqJT_z0R9za6Vv7KR5r946GrEVcG7tRJQ3yyZprYQjnHPoVBmap7svQi4boWM2tagGYhVFF9fu22TnO6P65lKXS0k8ai_w7FncAeBG8-JsVRYHrHJ\" alt=\"Mrs. Catherine Chollet\u00a0: carte\" width=\"454\" height=\"160\" border=\"0\" data-atf=\"1\" \/><\/h6>\n<p>&nbsp;<\/p>\n<p style=\"text-align: center;\">Pour tout renseignement compl\u00e9mentaire, n&rsquo;h\u00e9sitez pas \u00e0 me laisser un message \u00e0 l&rsquo;adresse e-mail suivante:<\/p>\n<div class=\"center\" style=\"text-align: center;\"><strong>naturopathie[at]chollet-page.ch<\/strong><\/div>\n<div style=\"text-align: center;\"><b>[at]= @<br \/>\n<\/b><\/div>\n<div><\/div>\n<\/div>\n<div><img decoding=\"async\" class=\"aligncenter\" src=\"http:\/\/www.espace-turquoise.ch\/espace-turquoise.ch\/accueil_espace_turquoise_files\/o.jpg\" alt=\"\" \/><\/div>\n","protected":false},"excerpt":{"rendered":"<p>Catherine Chollet Espace Turquoise Rue Peillonnex 26 1225- CH\u00caNE-BOURG Le centre est \u00e0 proximit\u00e9 de Gen\u00e8ve, \u00e0 3 minutes \u00e0 pied de l\u2019arr\u00eat Peillonnex du tram 12 et 17 Parking <a class=\"more-link\" href=\"https:\/\/naturopathie.chollet-page.ch\/?page_id=38\">Continue Reading &rarr;<\/a><\/p>\n","protected":false},"author":1,"featured_media":0,"parent":0,"menu_order":0,"comment_status":"closed","ping_status":"open","template":"","meta":{"footnotes":""},"_links":{"self":[{"href":"https:\/\/naturopathie.chollet-page.ch\/index.php?rest_route=\/wp\/v2\/pages\/38"}],"collection":[{"href":"https:\/\/naturopathie.chollet-page.ch\/index.php?rest_route=\/wp\/v2\/pages"}],"about":[{"href":"https:\/\/naturopathie.chollet-page.ch\/index.php?rest_route=\/wp\/v2\/types\/page"}],"author":[{"embeddable":true,"href":"https:\/\/naturopathie.chollet-page.ch\/index.php?rest_route=\/wp\/v2\/users\/1"}],"replies":[{"embeddable":true,"href":"https:\/\/naturopathie.chollet-page.ch\/index.php?rest_route=%2Fwp%2Fv2%2Fcomments&post=38"}],"version-history":[{"count":17,"href":"https:\/\/naturopathie.chollet-page.ch\/index.php?rest_route=\/wp\/v2\/pages\/38\/revisions"}],"predecessor-version":[{"id":641,"href":"https:\/\/naturopathie.chollet-page.ch\/index.php?rest_route=\/wp\/v2\/pages\/38\/revisions\/641"}],"wp:attachment":[{"href":"https:\/\/naturopathie.chollet-page.ch\/index.php?rest_route=%2Fwp%2Fv2%2Fmedia&parent=38"}],"curies":[{"name":"wp","href":"https:\/\/api.w.org\/{rel}","templated":true}]}}