{"id":40,"date":"2015-05-30T17:28:00","date_gmt":"2015-05-30T15:28:00","guid":{"rendered":"http:\/\/naturopathie.chollet-page.ch\/nouveau\/wordpress\/?page_id=40"},"modified":"2024-09-12T16:07:12","modified_gmt":"2024-09-12T14:07:12","slug":"actualite","status":"publish","type":"page","link":"https:\/\/naturopathie.chollet-page.ch\/?page_id=40","title":{"rendered":"Actualit\u00e9"},"content":{"rendered":"<p>La <span style=\"color: #800080;\"><strong>sant\u00e9<\/strong><\/span> est votre plus grande richesse<\/p>\n<p>Prendre soin de votre sant\u00e9 ne se limite pas \u00e0 \u00e9viter les maladies.<\/p>\n<p>C&rsquo;est investir dans votre bien-\u00eatre physique, mental et \u00e9motionnel.<\/p>\n<p>Une bonne sant\u00e9 am\u00e9liore la qualit\u00e9 de vie.<\/p>\n<p>Peu importe votre \u00e2ge ou votre situation actuelle, il n&rsquo;est jamais trop tard pour commencer \u00e0 faire des choix qui vous feront du bien<\/p>\n<p>\u00catre <span style=\"color: #800080;\"><strong>acteur<\/strong> <\/span>dans le processus de prise en charge de sa sant\u00e9 est central et essentiel.<\/p>\n<p>Prise de conscience, information comp\u00e9tente et cibl\u00e9e, mise en place de pratiques adapt\u00e9es \u00e0 vos besoins et possibilit\u00e9s, voici quelques pistes pour am\u00e9liorer votre bien-\u00eatre physique, mentale et \u00e9motionnelle<\/p>\n<p>Devenez un <span style=\"color: #800080;\"><strong>d\u00e9cideur \u00e9clair\u00e9<\/strong><\/span>\u00a0!<\/p>\n<h1 style=\"text-align: center;\"><strong><span style=\"color: #ff00ff;\">Portez-vous bien et prenez soin de vous<\/span><\/strong><\/h1>\n<h1 style=\"text-align: center;\"><strong><span style=\"color: #ff00ff;\"><a href=\"https:\/\/naturopathie.chollet-page.ch\/wp-content\/uploads\/2020\/03\/DSC_0266-Copie.jpg\"><img decoding=\"async\" loading=\"lazy\" class=\"alignnone size-medium wp-image-607\" src=\"https:\/\/naturopathie.chollet-page.ch\/wp-content\/uploads\/2020\/03\/DSC_0266-Copie-300x201.jpg\" alt=\"\" width=\"300\" height=\"201\" srcset=\"https:\/\/naturopathie.chollet-page.ch\/wp-content\/uploads\/2020\/03\/DSC_0266-Copie-300x201.jpg 300w, https:\/\/naturopathie.chollet-page.ch\/wp-content\/uploads\/2020\/03\/DSC_0266-Copie.jpg 448w\" sizes=\"(max-width: 300px) 100vw, 300px\" \/><\/a><\/span><\/strong><\/h1>\n<p>&nbsp;<\/p>\n<p>&nbsp;<\/p>\n<h1><\/h1>\n<p>&nbsp;<\/p>\n<p>&nbsp;<\/p>\n","protected":false},"excerpt":{"rendered":"<p>La sant\u00e9 est votre plus grande richesse Prendre soin de votre sant\u00e9 ne se limite pas \u00e0 \u00e9viter les maladies. C&rsquo;est investir dans votre bien-\u00eatre physique, mental et \u00e9motionnel. Une <a class=\"more-link\" href=\"https:\/\/naturopathie.chollet-page.ch\/?page_id=40\">Continue Reading &rarr;<\/a><\/p>\n","protected":false},"author":1,"featured_media":0,"parent":0,"menu_order":0,"comment_status":"closed","ping_status":"open","template":"","meta":{"footnotes":""},"_links":{"self":[{"href":"https:\/\/naturopathie.chollet-page.ch\/index.php?rest_route=\/wp\/v2\/pages\/40"}],"collection":[{"href":"https:\/\/naturopathie.chollet-page.ch\/index.php?rest_route=\/wp\/v2\/pages"}],"about":[{"href":"https:\/\/naturopathie.chollet-page.ch\/index.php?rest_route=\/wp\/v2\/types\/page"}],"author":[{"embeddable":true,"href":"https:\/\/naturopathie.chollet-page.ch\/index.php?rest_route=\/wp\/v2\/users\/1"}],"replies":[{"embeddable":true,"href":"https:\/\/naturopathie.chollet-page.ch\/index.php?rest_route=%2Fwp%2Fv2%2Fcomments&post=40"}],"version-history":[{"count":46,"href":"https:\/\/naturopathie.chollet-page.ch\/index.php?rest_route=\/wp\/v2\/pages\/40\/revisions"}],"predecessor-version":[{"id":639,"href":"https:\/\/naturopathie.chollet-page.ch\/index.php?rest_route=\/wp\/v2\/pages\/40\/revisions\/639"}],"wp:attachment":[{"href":"https:\/\/naturopathie.chollet-page.ch\/index.php?rest_route=%2Fwp%2Fv2%2Fmedia&parent=40"}],"curies":[{"name":"wp","href":"https:\/\/api.w.org\/{rel}","templated":true}]}}