{"id":467,"date":"2018-12-09T20:31:58","date_gmt":"2018-12-09T19:31:58","guid":{"rendered":"http:\/\/naturopathie.chollet-page.ch\/?page_id=467"},"modified":"2018-12-10T11:58:45","modified_gmt":"2018-12-10T10:58:45","slug":"les-fleurs-de-bach","status":"publish","type":"page","link":"https:\/\/naturopathie.chollet-page.ch\/?page_id=467","title":{"rendered":"Les Fleurs de Bach"},"content":{"rendered":"<p>A mi-chemin entre phytoth\u00e9rapie et hom\u00e9opathie, les fleurs de Bach sont des pr\u00e9parations \u00e0 base de plantes et de fleurs qui aident \u00e0 g\u00e9rer et \u00e0 s\u2019adapter aux exigences <strong>\u00e9motionnelles<\/strong> de la vie quotidienne.<a href=\"https:\/\/naturopathie.chollet-page.ch\/wp-content\/uploads\/2018\/12\/435px-Lonicera_sempervirens_close.jpg\"><img decoding=\"async\" loading=\"lazy\" class=\"wp-image-524 alignright\" src=\"https:\/\/naturopathie.chollet-page.ch\/wp-content\/uploads\/2018\/12\/435px-Lonicera_sempervirens_close-300x281.jpg\" alt=\"\" width=\"212\" height=\"199\" srcset=\"https:\/\/naturopathie.chollet-page.ch\/wp-content\/uploads\/2018\/12\/435px-Lonicera_sempervirens_close-300x281.jpg 300w, https:\/\/naturopathie.chollet-page.ch\/wp-content\/uploads\/2018\/12\/435px-Lonicera_sempervirens_close.jpg 435w\" sizes=\"(max-width: 212px) 100vw, 212px\" \/><\/a><\/p>\n<p>Elles harmonisent les \u00ab\u00a0bleus\u00a0\u00bb \u00a0du c\u0153ur et de l\u2019\u00e2me.<\/p>\n<p>Chaque fleur est l\u2019image d\u2019une forme \u00e9motionnelle v\u00e9cue sur le plan familial, professionnel, relationnel ou personnel<\/p>\n<p>Choisir une Fleur de Bach, c&rsquo;est prendre en compte l\u2019individu dans sa globalit\u00e9, avec son histoire, ses attitudes, ses \u00e9motions et pas uniquement ses sympt\u00f4mes.<\/p>\n<p>Les Fleurs de Bach nous permettent de nous connecter \u00e0 nos ressentis, \u00e0 notre essence m\u00eame pour retrouver la paix int\u00e9rieure.<\/p>\n<p>Elles nous conduisent \u00e0 une ouverture de notre conscience et constituent une aide pr\u00e9cieuse de connaissance de soi sur notre cheminement int\u00e9rieur.<\/p>\n","protected":false},"excerpt":{"rendered":"<p>A mi-chemin entre phytoth\u00e9rapie et hom\u00e9opathie, les fleurs de Bach sont des pr\u00e9parations \u00e0 base de plantes et de fleurs qui aident \u00e0 g\u00e9rer et \u00e0 s\u2019adapter aux exigences \u00e9motionnelles <a class=\"more-link\" href=\"https:\/\/naturopathie.chollet-page.ch\/?page_id=467\">Continue Reading &rarr;<\/a><\/p>\n","protected":false},"author":1,"featured_media":0,"parent":46,"menu_order":0,"comment_status":"closed","ping_status":"closed","template":"","meta":{"footnotes":""},"_links":{"self":[{"href":"https:\/\/naturopathie.chollet-page.ch\/index.php?rest_route=\/wp\/v2\/pages\/467"}],"collection":[{"href":"https:\/\/naturopathie.chollet-page.ch\/index.php?rest_route=\/wp\/v2\/pages"}],"about":[{"href":"https:\/\/naturopathie.chollet-page.ch\/index.php?rest_route=\/wp\/v2\/types\/page"}],"author":[{"embeddable":true,"href":"https:\/\/naturopathie.chollet-page.ch\/index.php?rest_route=\/wp\/v2\/users\/1"}],"replies":[{"embeddable":true,"href":"https:\/\/naturopathie.chollet-page.ch\/index.php?rest_route=%2Fwp%2Fv2%2Fcomments&post=467"}],"version-history":[{"count":6,"href":"https:\/\/naturopathie.chollet-page.ch\/index.php?rest_route=\/wp\/v2\/pages\/467\/revisions"}],"predecessor-version":[{"id":526,"href":"https:\/\/naturopathie.chollet-page.ch\/index.php?rest_route=\/wp\/v2\/pages\/467\/revisions\/526"}],"up":[{"embeddable":true,"href":"https:\/\/naturopathie.chollet-page.ch\/index.php?rest_route=\/wp\/v2\/pages\/46"}],"wp:attachment":[{"href":"https:\/\/naturopathie.chollet-page.ch\/index.php?rest_route=%2Fwp%2Fv2%2Fmedia&parent=467"}],"curies":[{"name":"wp","href":"https:\/\/api.w.org\/{rel}","templated":true}]}}