{"id":53,"date":"2015-05-30T17:36:53","date_gmt":"2015-05-30T15:36:53","guid":{"rendered":"http:\/\/naturopathie.chollet-page.ch\/nouveau\/wordpress\/?page_id=53"},"modified":"2018-12-10T12:15:56","modified_gmt":"2018-12-10T11:15:56","slug":"la-spagyrie","status":"publish","type":"page","link":"https:\/\/naturopathie.chollet-page.ch\/?page_id=53","title":{"rendered":"La Spagyrie"},"content":{"rendered":"<div id=\"corps\">\n<p>Le terme, issu du grec, signifie \u00ab\u00a0<strong>s\u00e9parer, extraire<\/strong> (spao) et <strong>r\u00e9unir<\/strong> (ageiros)\u00a0\u00bb.<\/p>\n<p>La <strong>spagyrie<\/strong> est bas\u00e9e sur les principes selon lesquels toute mati\u00e8re (et aussi le corps humain) est compos\u00e9e de trois principes: <strong>mercure, soufre<\/strong> et <strong>sel<\/strong>.<\/p>\n<p>Il s\u2019agit de s\u00e9parer ces trois principes, de les purifier, puis de les r\u00e9unir, afin d\u2019en augmenter les vertus.<a href=\"https:\/\/naturopathie.chollet-page.ch\/wp-content\/uploads\/2018\/12\/spagyrie-001.jpg\"><img decoding=\"async\" loading=\"lazy\" class=\" wp-image-530 alignright\" src=\"https:\/\/naturopathie.chollet-page.ch\/wp-content\/uploads\/2018\/12\/spagyrie-001-292x300.jpg\" alt=\"\" width=\"226\" height=\"232\" srcset=\"https:\/\/naturopathie.chollet-page.ch\/wp-content\/uploads\/2018\/12\/spagyrie-001-292x300.jpg 292w, https:\/\/naturopathie.chollet-page.ch\/wp-content\/uploads\/2018\/12\/spagyrie-001-768x788.jpg 768w, https:\/\/naturopathie.chollet-page.ch\/wp-content\/uploads\/2018\/12\/spagyrie-001-998x1024.jpg 998w, https:\/\/naturopathie.chollet-page.ch\/wp-content\/uploads\/2018\/12\/spagyrie-001.jpg 1219w\" sizes=\"(max-width: 226px) 100vw, 226px\" \/><\/a><\/p>\n<p>Les trois Principes spagyriques d\u2019une plante sont :<\/p>\n<ul>\n<li>Huile essentielle (l\u2019\u00e2me de la plante)<\/li>\n<li>Teinture liquoreuse (l\u2019esprit de la plante)<\/li>\n<li>Sels min\u00e9raux et oligo-\u00e9l\u00e9ments (le corps de la plante)<\/li>\n<\/ul>\n<p>L\u2019essence spagyrique utilise le pouvoir \u00e9nerg\u00e9tique de la plante, un peu comme l\u2019hom\u00e9opathie.<\/p>\n<p>La spagyrie agit \u00e0 la fois sur le corps physique et sur le corps \u00e9nerg\u00e9tique de l&rsquo;\u00eatre humain et vise \u00e0 r\u00e9\u00e9quilibrer ce dernier dans son <strong>harmonie<\/strong>.<\/p>\n<p><strong>Elle r\u00e9veille et stimule la force vitale<\/strong> de l\u2019organisme pour le soutenir tant au niveau physique qu\u2019\u00e9motionnel.<\/p>\n<\/div>\n","protected":false},"excerpt":{"rendered":"<p>Le terme, issu du grec, signifie \u00ab\u00a0s\u00e9parer, extraire (spao) et r\u00e9unir (ageiros)\u00a0\u00bb. La spagyrie est bas\u00e9e sur les principes selon lesquels toute mati\u00e8re (et aussi le corps humain) est compos\u00e9e <a class=\"more-link\" href=\"https:\/\/naturopathie.chollet-page.ch\/?page_id=53\">Continue Reading &rarr;<\/a><\/p>\n","protected":false},"author":1,"featured_media":0,"parent":46,"menu_order":0,"comment_status":"closed","ping_status":"open","template":"","meta":{"footnotes":""},"_links":{"self":[{"href":"https:\/\/naturopathie.chollet-page.ch\/index.php?rest_route=\/wp\/v2\/pages\/53"}],"collection":[{"href":"https:\/\/naturopathie.chollet-page.ch\/index.php?rest_route=\/wp\/v2\/pages"}],"about":[{"href":"https:\/\/naturopathie.chollet-page.ch\/index.php?rest_route=\/wp\/v2\/types\/page"}],"author":[{"embeddable":true,"href":"https:\/\/naturopathie.chollet-page.ch\/index.php?rest_route=\/wp\/v2\/users\/1"}],"replies":[{"embeddable":true,"href":"https:\/\/naturopathie.chollet-page.ch\/index.php?rest_route=%2Fwp%2Fv2%2Fcomments&post=53"}],"version-history":[{"count":4,"href":"https:\/\/naturopathie.chollet-page.ch\/index.php?rest_route=\/wp\/v2\/pages\/53\/revisions"}],"predecessor-version":[{"id":532,"href":"https:\/\/naturopathie.chollet-page.ch\/index.php?rest_route=\/wp\/v2\/pages\/53\/revisions\/532"}],"up":[{"embeddable":true,"href":"https:\/\/naturopathie.chollet-page.ch\/index.php?rest_route=\/wp\/v2\/pages\/46"}],"wp:attachment":[{"href":"https:\/\/naturopathie.chollet-page.ch\/index.php?rest_route=%2Fwp%2Fv2%2Fmedia&parent=53"}],"curies":[{"name":"wp","href":"https:\/\/api.w.org\/{rel}","templated":true}]}}