{"id":55,"date":"2015-05-30T17:38:20","date_gmt":"2015-05-30T15:38:20","guid":{"rendered":"http:\/\/naturopathie.chollet-page.ch\/nouveau\/wordpress\/?page_id=55"},"modified":"2018-12-10T12:10:38","modified_gmt":"2018-12-10T11:10:38","slug":"laromatherapie","status":"publish","type":"page","link":"https:\/\/naturopathie.chollet-page.ch\/?page_id=55","title":{"rendered":"L&rsquo;Aromath\u00e9rapie"},"content":{"rendered":"<div id=\"corps\">\n<p>Il s\u2019agit de l\u2019utilisation, pour leurs multiples propri\u00e9t\u00e9s, <strong>des huiles essentielles<\/strong>.<\/p>\n<p>G\u00e9n\u00e9ralement extraites des plantes par <strong>distillation<\/strong> (sauf les \u00e9corces d\u2019agrumes qui sont press\u00e9es \u00e0 froid), les huiles essentielles sont utilis\u00e9es depuis des milliers d&rsquo;ann\u00e9es en m\u00e9decine, en parfumerie ou en cuisine.<\/p>\n<p><a href=\"https:\/\/naturopathie.chollet-page.ch\/wp-content\/uploads\/2018\/12\/aroma-001.jpg\"><img decoding=\"async\" loading=\"lazy\" class=\"size-medium wp-image-478 alignleft\" src=\"https:\/\/naturopathie.chollet-page.ch\/wp-content\/uploads\/2018\/12\/aroma-001-246x300.jpg\" alt=\"\" width=\"246\" height=\"300\" srcset=\"https:\/\/naturopathie.chollet-page.ch\/wp-content\/uploads\/2018\/12\/aroma-001-246x300.jpg 246w, https:\/\/naturopathie.chollet-page.ch\/wp-content\/uploads\/2018\/12\/aroma-001.jpg 320w\" sizes=\"(max-width: 246px) 100vw, 246px\" \/><\/a>Leur parfum caract\u00e9ristique est d\u00e9termin\u00e9 par leurs <strong>nombreux composants<\/strong>.<br \/>\nUne huile essentielle peut renfermer plusieurs centaines de sortes de mol\u00e9cules, chacune ayant des propri\u00e9t\u00e9s particuli\u00e8res (antiseptique, bact\u00e9ricide, immunostimulante, d\u00e9congestionnante, relaxantes, &#8230;).<\/p>\n<p>Ces mol\u00e9cules sont class\u00e9es par familles ou <strong>ch\u00e9motypes<\/strong> (c\u00e9tones, esters, coumarines, ph\u00e9nols, monoterp\u00e9nols\u2026)<\/p>\n<p><em>Les huiles essentielles peuvent \u00eatre utilis\u00e9es par voie interne, externe ou a\u00e9rienne.<\/em><\/p>\n<h3>La voie externe<\/h3>\n<p>Les huiles essentielles peuvent diffuser dans l&rsquo;organisme \u00e0 <strong>travers la peau<\/strong>.<br \/>\nDilu\u00e9es dans une huile de massage, elles passent rapidement dans le sang.<\/p>\n<p>Attention, certaines huiles sont <strong>dermocaustiques<\/strong>, d\u2019autres <strong>photo sensibilisantes<\/strong>.<\/p>\n<h3>La voie a\u00e9rienne<\/h3>\n<p>Les huiles essentielles diffus\u00e9es dans l&rsquo;air sont absorb\u00e9es par les <strong>voies respiratoires<\/strong>.<\/p>\n<p><a href=\"https:\/\/naturopathie.chollet-page.ch\/wp-content\/uploads\/2018\/12\/fumigation-001.jpg\"><img decoding=\"async\" loading=\"lazy\" class=\"size-medium wp-image-484 alignright\" src=\"https:\/\/naturopathie.chollet-page.ch\/wp-content\/uploads\/2018\/12\/fumigation-001-300x224.jpg\" alt=\"\" width=\"300\" height=\"224\" srcset=\"https:\/\/naturopathie.chollet-page.ch\/wp-content\/uploads\/2018\/12\/fumigation-001-300x224.jpg 300w, https:\/\/naturopathie.chollet-page.ch\/wp-content\/uploads\/2018\/12\/fumigation-001.jpg 448w\" sizes=\"(max-width: 300px) 100vw, 300px\" \/><\/a>On peut les utiliser sous forme de fumigation (ou inhalation) ou gr\u00e2ce \u00e0 un diffuseur.<\/p>\n<p>Attention, certaines huiles sont <strong>irritantes pour les bronches<\/strong>.<br \/>\nIl ne faut jamais les utiliser plus de 15 minutes \u00e0 la suite.<\/p>\n<p>Il vaut mieux \u00e9viter de les diffuser au dessus d\u2019une source de chaleur comme une bougie.<br \/>\nEn effet, la chaleur risque de modifier voir d\u00e9truire les propri\u00e9t\u00e9s des huiles essentielles.<\/p>\n<h3>La voie interne<\/h3>\n<p>M\u00e9lang\u00e9es dans du miel ou de l\u2019huile v\u00e9g\u00e9tale, les huiles essentielles peuvent \u00eatre utilis\u00e9es par voie orale. Il existe des g\u00e9lules d\u00e9j\u00e0 pr\u00eates ou des suppositoires.<\/p>\n<p>Toutes les huiles essentielles ne peuvent pas \u00eatre prises sous cette forme et une prise sur un temps trop long ou \u00e0 trop forte dose peut se r\u00e9v\u00e9ler dangereuse, h\u00e9patotoxique ou neurotoxique.<br \/>\n<em>Demandez toujours le conseil d\u2019un professionnel. <\/em><\/p>\n<p><b> De part leur concentration en principes chimiques actifs, les huiles essentielles sont de merveilleux produits mais peuvent pr\u00e9senter certains dangers si elles sont mal utilis\u00e9es.<\/b><\/p>\n<p class=\"important\">Il convient donc d\u2019\u00eatre prudent avec ces produits tr\u00e8s efficaces et de demander l\u2019avis de personnes comp\u00e9tentes avant de les utiliser.<\/p>\n<p>&nbsp;<\/p>\n<\/div>\n","protected":false},"excerpt":{"rendered":"<p>Il s\u2019agit de l\u2019utilisation, pour leurs multiples propri\u00e9t\u00e9s, des huiles essentielles. G\u00e9n\u00e9ralement extraites des plantes par distillation (sauf les \u00e9corces d\u2019agrumes qui sont press\u00e9es \u00e0 froid), les huiles essentielles sont <a class=\"more-link\" href=\"https:\/\/naturopathie.chollet-page.ch\/?page_id=55\">Continue Reading &rarr;<\/a><\/p>\n","protected":false},"author":1,"featured_media":0,"parent":46,"menu_order":0,"comment_status":"closed","ping_status":"open","template":"","meta":{"footnotes":""},"_links":{"self":[{"href":"https:\/\/naturopathie.chollet-page.ch\/index.php?rest_route=\/wp\/v2\/pages\/55"}],"collection":[{"href":"https:\/\/naturopathie.chollet-page.ch\/index.php?rest_route=\/wp\/v2\/pages"}],"about":[{"href":"https:\/\/naturopathie.chollet-page.ch\/index.php?rest_route=\/wp\/v2\/types\/page"}],"author":[{"embeddable":true,"href":"https:\/\/naturopathie.chollet-page.ch\/index.php?rest_route=\/wp\/v2\/users\/1"}],"replies":[{"embeddable":true,"href":"https:\/\/naturopathie.chollet-page.ch\/index.php?rest_route=%2Fwp%2Fv2%2Fcomments&post=55"}],"version-history":[{"count":9,"href":"https:\/\/naturopathie.chollet-page.ch\/index.php?rest_route=\/wp\/v2\/pages\/55\/revisions"}],"predecessor-version":[{"id":529,"href":"https:\/\/naturopathie.chollet-page.ch\/index.php?rest_route=\/wp\/v2\/pages\/55\/revisions\/529"}],"up":[{"embeddable":true,"href":"https:\/\/naturopathie.chollet-page.ch\/index.php?rest_route=\/wp\/v2\/pages\/46"}],"wp:attachment":[{"href":"https:\/\/naturopathie.chollet-page.ch\/index.php?rest_route=%2Fwp%2Fv2%2Fmedia&parent=55"}],"curies":[{"name":"wp","href":"https:\/\/api.w.org\/{rel}","templated":true}]}}