{"id":57,"date":"2015-05-30T17:39:39","date_gmt":"2015-05-30T15:39:39","guid":{"rendered":"http:\/\/naturopathie.chollet-page.ch\/nouveau\/wordpress\/?page_id=57"},"modified":"2018-12-11T22:51:19","modified_gmt":"2018-12-11T21:51:19","slug":"la-gemmotherapie-la-lithotherapie-dechelatrice","status":"publish","type":"page","link":"https:\/\/naturopathie.chollet-page.ch\/?page_id=57","title":{"rendered":"La Gemmoth\u00e9rapie &#8211; La Lithoth\u00e9rapie D\u00e9ch\u00e9latrice"},"content":{"rendered":"<div id=\"corps\">\n<h3 class=\"center\"><span style=\"text-decoration: underline;\">La Gemmoth\u00e9rapie<a href=\"https:\/\/naturopathie.chollet-page.ch\/wp-content\/uploads\/2018\/12\/tree-buds-1454861205c9q-Copie.jpg\"><img decoding=\"async\" loading=\"lazy\" class=\"size-medium wp-image-572 alignright\" src=\"https:\/\/naturopathie.chollet-page.ch\/wp-content\/uploads\/2018\/12\/tree-buds-1454861205c9q-Copie-300x166.jpg\" alt=\"\" width=\"300\" height=\"166\" srcset=\"https:\/\/naturopathie.chollet-page.ch\/wp-content\/uploads\/2018\/12\/tree-buds-1454861205c9q-Copie-300x166.jpg 300w, https:\/\/naturopathie.chollet-page.ch\/wp-content\/uploads\/2018\/12\/tree-buds-1454861205c9q-Copie-768x425.jpg 768w, https:\/\/naturopathie.chollet-page.ch\/wp-content\/uploads\/2018\/12\/tree-buds-1454861205c9q-Copie-1024x567.jpg 1024w, https:\/\/naturopathie.chollet-page.ch\/wp-content\/uploads\/2018\/12\/tree-buds-1454861205c9q-Copie.jpg 1431w\" sizes=\"(max-width: 300px) 100vw, 300px\" \/><\/a><\/span><\/h3>\n<p><span style=\"text-decoration: underline;\">La gemmoth\u00e9rapie<\/span> utilise des extraits de bourgeons de plantes et de tissus embryonnaires v\u00e9g\u00e9taux (jeunes pousses, radicelles) fraichement r\u00e9colt\u00e9s.<\/p>\n<p>Ils sont pr\u00e9par\u00e9s sous forme de mac\u00e9r\u00e2t glyc\u00e9rin\u00e9, m\u00e9lange d&rsquo;eau, d&rsquo;alcool et de glyc\u00e9rine puis dilu\u00e9s et dynamis\u00e9s en tr\u00e8s basse dilution (au 1\/10\u00e8me, premi\u00e8re dilution Hahnemannienne), ce qui lui conf\u00e8re une efficacit\u00e9 maximale.<\/p>\n<p>L\u2019avantage de choisir des bourgeons est qu\u2019ils sont compos\u00e9s de tissus embryonnaires, v\u00e9ritable concentr\u00e9 d&rsquo;information, d&rsquo;\u00e9nergie et de vitalit\u00e9.<\/p>\n<p>Ils sont beaucoup plus riches en principes actifs que la plante adulte.<\/p>\n<p>Ils renferment toutes les propri\u00e9t\u00e9s de la plante, c&rsquo;est-\u00e0-dire \u00e0 la fois les propri\u00e9t\u00e9s des fleurs, des feuilles, des fruits, de l&rsquo;aubier et des racines ce qui constitue un v\u00e9ritable concentr\u00e9.<\/p>\n<p>Les principes embryonnaires v\u00e9g\u00e9taux des bourgeons sont hautement actifs ce qui fait de ces produits de remarquables alli\u00e9s dont les effets sont pr\u00e9cis et cibl\u00e9e. C\u2019est aussi une m\u00e9thode permettant de d\u00e9toxiquer l\u2019organisme par la voie des \u00e9monctoires et d\u2019agir sur le vieillissement tissulaire.<\/p>\n<h3 class=\"center\"><span style=\"text-decoration: underline;\">La Lithoth\u00e9rapie D\u00e9ch\u00e9latrice<a href=\"https:\/\/naturopathie.chollet-page.ch\/wp-content\/uploads\/2018\/12\/DSC_0960-pierre-Copie.jpg\"><img decoding=\"async\" loading=\"lazy\" class=\" wp-image-570 alignright\" src=\"https:\/\/naturopathie.chollet-page.ch\/wp-content\/uploads\/2018\/12\/DSC_0960-pierre-Copie-300x201.jpg\" alt=\"\" width=\"275\" height=\"188\" \/><\/a><\/span><\/h3>\n<p>Cette technique utilise des min\u00e9raux et des roches. Pr\u00e9lev\u00e9s sur leurs sites naturels sous leur forme totale, ils sont tritur\u00e9s, r\u00e9duits en poudre puis dilu\u00e9s et dynamis\u00e9s selon la m\u00e9thode hom\u00e9opathique.<br \/>\nIls poss\u00e8dent deux actions importantes\u00a0:<\/p>\n<ul>\n<li>une action enzymatique activatrice qui permet d\u2019activer des r\u00e9actions organiques indispensables \u00e0 l\u2019organisme, \u00e0 la fa\u00e7on des oligo-\u00e9l\u00e9ments.<\/li>\n<li>une action d\u00e9ch\u00e9latrice qui permet de lib\u00e9rer certains ions des grosses mol\u00e9cules issues de polluants divers qui les rendent inactives.<\/li>\n<\/ul>\n<p>Cette bioth\u00e9rapie permet de travailler sur le terrain de la personne et de lib\u00e9rer des ions bloqu\u00e9s pour que l\u2019organisme puisse les utiliser.<\/p>\n<\/div>\n","protected":false},"excerpt":{"rendered":"<p>La Gemmoth\u00e9rapie La gemmoth\u00e9rapie utilise des extraits de bourgeons de plantes et de tissus embryonnaires v\u00e9g\u00e9taux (jeunes pousses, radicelles) fraichement r\u00e9colt\u00e9s. Ils sont pr\u00e9par\u00e9s sous forme de mac\u00e9r\u00e2t glyc\u00e9rin\u00e9, m\u00e9lange <a class=\"more-link\" href=\"https:\/\/naturopathie.chollet-page.ch\/?page_id=57\">Continue Reading &rarr;<\/a><\/p>\n","protected":false},"author":1,"featured_media":0,"parent":46,"menu_order":0,"comment_status":"closed","ping_status":"open","template":"","meta":{"footnotes":""},"_links":{"self":[{"href":"https:\/\/naturopathie.chollet-page.ch\/index.php?rest_route=\/wp\/v2\/pages\/57"}],"collection":[{"href":"https:\/\/naturopathie.chollet-page.ch\/index.php?rest_route=\/wp\/v2\/pages"}],"about":[{"href":"https:\/\/naturopathie.chollet-page.ch\/index.php?rest_route=\/wp\/v2\/types\/page"}],"author":[{"embeddable":true,"href":"https:\/\/naturopathie.chollet-page.ch\/index.php?rest_route=\/wp\/v2\/users\/1"}],"replies":[{"embeddable":true,"href":"https:\/\/naturopathie.chollet-page.ch\/index.php?rest_route=%2Fwp%2Fv2%2Fcomments&post=57"}],"version-history":[{"count":9,"href":"https:\/\/naturopathie.chollet-page.ch\/index.php?rest_route=\/wp\/v2\/pages\/57\/revisions"}],"predecessor-version":[{"id":573,"href":"https:\/\/naturopathie.chollet-page.ch\/index.php?rest_route=\/wp\/v2\/pages\/57\/revisions\/573"}],"up":[{"embeddable":true,"href":"https:\/\/naturopathie.chollet-page.ch\/index.php?rest_route=\/wp\/v2\/pages\/46"}],"wp:attachment":[{"href":"https:\/\/naturopathie.chollet-page.ch\/index.php?rest_route=%2Fwp%2Fv2%2Fmedia&parent=57"}],"curies":[{"name":"wp","href":"https:\/\/api.w.org\/{rel}","templated":true}]}}