{"id":60,"date":"2015-05-30T17:41:14","date_gmt":"2015-05-30T15:41:14","guid":{"rendered":"http:\/\/naturopathie.chollet-page.ch\/nouveau\/wordpress\/?page_id=60"},"modified":"2018-12-10T12:22:38","modified_gmt":"2018-12-10T11:22:38","slug":"les-oligo-elements-et-les-sels-de-schussler","status":"publish","type":"page","link":"https:\/\/naturopathie.chollet-page.ch\/?page_id=60","title":{"rendered":"Les Oligo-Elements et les Sels De Schussler"},"content":{"rendered":"<div id=\"corps\">\n<h3 class=\"center\">Les Oligo-\u00e9l\u00e9ments<\/h3>\n<p>Ce sont des \u00e9l\u00e9ments (essentiellement des m\u00e9tallo\u00efdes) contenus dans le corps \u00e0 doses parfois tr\u00e8s faibles mais qui sont indispensables au bon fonctionnement de l\u2019organisme.<br \/>\nLeur action est essentielle\u00a0:<\/p>\n<ul>\n<li>Ce sont des catalyseurs de multiples r\u00e9actions au sein de l\u2019organisme\u00a0; sans eux, ces r\u00e9actions ne se produiraient pas ou ne seraient pas compl\u00e8tes.<\/li>\n<li>Ils ont une action sp\u00e9cifique permettant une r\u00e9action chimique bien d\u00e9termin\u00e9e.<\/li>\n<li>Ils permettent de modifier et r\u00e9\u00e9quilibrer le terrain, favorisant les ph\u00e9nom\u00e8nes d\u2019auto-d\u00e9fense de l\u2019organisme.<\/li>\n<li>Ils participent directement aux \u00e9changes m\u00e9taboliques et ainsi favorisent les ph\u00e9nom\u00e8nes vitaux indispensables tels la respiration, la digestion\u2026<\/li>\n<\/ul>\n<p>Ils se pr\u00e9sentent sous forme liquide ou en comprim\u00e9s \u00e0 absorber par voie sublinguale.<\/p>\n<p>Ils permettent de r\u00e9\u00e9quilibrer l\u2019organisme dans sa globalit\u00e9 et d\u2019am\u00e9liorer son fonctionnement en fonction du terrain et de la diath\u00e8se de chacun.<a href=\"https:\/\/naturopathie.chollet-page.ch\/wp-content\/uploads\/2018\/12\/750px-Tableau_p\u00e9riodique_des_\u00e9l\u00e9ments.svg_.png\"><img decoding=\"async\" loading=\"lazy\" class=\" wp-image-535 aligncenter\" src=\"https:\/\/naturopathie.chollet-page.ch\/wp-content\/uploads\/2018\/12\/750px-Tableau_p\u00e9riodique_des_\u00e9l\u00e9ments.svg_-300x192.png\" alt=\"\" width=\"361\" height=\"236\" \/><\/a><\/p>\n<h3 class=\"center\">Les Sels de Sch\u00fcssler<\/h3>\n<p>Il s\u2019agit de sels min\u00e9raux inorganiques (d\u00e9pourvus de carbone) indispensables \u00e0 la constitution et au bon fonctionnement de l\u2019organisme.<br \/>\nIls ont \u00e9t\u00e9 mis au point par le docteur Sch\u00fcssler au XIX\u00e8me si\u00e8cle.<br \/>\nCes sels min\u00e9raux sont dilu\u00e9s et dynamis\u00e9s. Ils sont au nombre de 12 et permettent de r\u00e9\u00e9quilibrer et de stimuler le bon fonctionnement de l\u2019organisme.<br \/>\nOn les trouve essentiellement sous forme de gouttes ou de comprim\u00e9s \u00e0 prendre par voie sublinguale.<\/p>\n<\/div>\n","protected":false},"excerpt":{"rendered":"<p>Les Oligo-\u00e9l\u00e9ments Ce sont des \u00e9l\u00e9ments (essentiellement des m\u00e9tallo\u00efdes) contenus dans le corps \u00e0 doses parfois tr\u00e8s faibles mais qui sont indispensables au bon fonctionnement de l\u2019organisme. Leur action est <a class=\"more-link\" href=\"https:\/\/naturopathie.chollet-page.ch\/?page_id=60\">Continue Reading &rarr;<\/a><\/p>\n","protected":false},"author":1,"featured_media":0,"parent":46,"menu_order":0,"comment_status":"closed","ping_status":"open","template":"","meta":{"footnotes":""},"_links":{"self":[{"href":"https:\/\/naturopathie.chollet-page.ch\/index.php?rest_route=\/wp\/v2\/pages\/60"}],"collection":[{"href":"https:\/\/naturopathie.chollet-page.ch\/index.php?rest_route=\/wp\/v2\/pages"}],"about":[{"href":"https:\/\/naturopathie.chollet-page.ch\/index.php?rest_route=\/wp\/v2\/types\/page"}],"author":[{"embeddable":true,"href":"https:\/\/naturopathie.chollet-page.ch\/index.php?rest_route=\/wp\/v2\/users\/1"}],"replies":[{"embeddable":true,"href":"https:\/\/naturopathie.chollet-page.ch\/index.php?rest_route=%2Fwp%2Fv2%2Fcomments&post=60"}],"version-history":[{"count":3,"href":"https:\/\/naturopathie.chollet-page.ch\/index.php?rest_route=\/wp\/v2\/pages\/60\/revisions"}],"predecessor-version":[{"id":536,"href":"https:\/\/naturopathie.chollet-page.ch\/index.php?rest_route=\/wp\/v2\/pages\/60\/revisions\/536"}],"up":[{"embeddable":true,"href":"https:\/\/naturopathie.chollet-page.ch\/index.php?rest_route=\/wp\/v2\/pages\/46"}],"wp:attachment":[{"href":"https:\/\/naturopathie.chollet-page.ch\/index.php?rest_route=%2Fwp%2Fv2%2Fmedia&parent=60"}],"curies":[{"name":"wp","href":"https:\/\/api.w.org\/{rel}","templated":true}]}}