{"id":65,"date":"2015-05-30T17:46:32","date_gmt":"2015-05-30T15:46:32","guid":{"rendered":"http:\/\/naturopathie.chollet-page.ch\/nouveau\/wordpress\/?page_id=65"},"modified":"2018-12-10T13:37:07","modified_gmt":"2018-12-10T12:37:07","slug":"les-techniques-manuelles","status":"publish","type":"page","link":"https:\/\/naturopathie.chollet-page.ch\/?page_id=65","title":{"rendered":"Les Techniques Manuelles"},"content":{"rendered":"<div id=\"corps\">\n<p>Les techniques manuelles visent \u00e0 travailler autant sur le physique que sur l\u2019\u00e9nergie et sa bonne circulation.<\/p>\n<p>Il existe de nombreuses techniques.<\/p>\n<p>Maitriser plusieurs techniques permet au th\u00e9rapeute de s\u2019adapter au besoin et au ressenti de son patient.<\/p>\n<p>Chaque th\u00e9rapeute choisit la technique qui lui convient le mieux.<\/p>\n<p>Pour ma part, je pratique les m\u00e9thodes suivantes :<\/p>\n<h3>Le massage d\u00e9tente et \u00e9nerg\u00e9tique<\/h3>\n<p><a href=\"https:\/\/naturopathie.chollet-page.ch\/wp-content\/uploads\/2018\/12\/massage-001.jpg\"><img decoding=\"async\" loading=\"lazy\" class=\"size-medium wp-image-551 alignleft\" src=\"https:\/\/naturopathie.chollet-page.ch\/wp-content\/uploads\/2018\/12\/massage-001-300x241.jpg\" alt=\"\" width=\"300\" height=\"241\" srcset=\"https:\/\/naturopathie.chollet-page.ch\/wp-content\/uploads\/2018\/12\/massage-001-300x241.jpg 300w, https:\/\/naturopathie.chollet-page.ch\/wp-content\/uploads\/2018\/12\/massage-001.jpg 712w\" sizes=\"(max-width: 300px) 100vw, 300px\" \/><\/a>C\u2019est une technique de relaxation musculaire par un massage aux huiles essentielles.<br \/>\nIl est possible de travailler sur tout le corps ou de se concentrer sur une partie plus pr\u00e9cis\u00e9ment.<\/p>\n<p>S\u2019adapter \u00e0 son patient est l\u00e0 encore primordial.<\/p>\n<p>Par l\u2019utilisation des huiles essentielles, on ajoute un effet cibl\u00e9 en fonction des propri\u00e9t\u00e9s des essences choisies.<\/p>\n<p>Le massage, geste apaisant par d\u00e9finition, rel\u00e2che et \u00e9vacue les tensions nerveuses et musculaires, favorise la circulation sanguine, lymphatique et m\u00eame \u00e9nerg\u00e9tique.<\/p>\n<p>Il permet de retrouver \u00e0 la fois <strong>calme et vitalit\u00e9<\/strong>.<\/p>\n<h3>La r\u00e9flexologie podale<\/h3>\n<p>C\u2019est un massage au niveau des <strong>pieds<\/strong>.<a href=\"https:\/\/naturopathie.chollet-page.ch\/wp-content\/uploads\/2018\/12\/pied-001.jpg\"><img decoding=\"async\" loading=\"lazy\" class=\"size-medium wp-image-498 alignright\" src=\"https:\/\/naturopathie.chollet-page.ch\/wp-content\/uploads\/2018\/12\/pied-001-199x300.jpg\" alt=\"\" width=\"199\" height=\"300\" srcset=\"https:\/\/naturopathie.chollet-page.ch\/wp-content\/uploads\/2018\/12\/pied-001-199x300.jpg 199w, https:\/\/naturopathie.chollet-page.ch\/wp-content\/uploads\/2018\/12\/pied-001.jpg 673w\" sizes=\"(max-width: 199px) 100vw, 199px\" \/><\/a><\/p>\n<p>Le corps est enti\u00e8rement repr\u00e9sent\u00e9 sous et sur le pied.<\/p>\n<p>Les zones pr\u00e9cis\u00e9ment d\u00e9finies correspondent aux <strong>organes<\/strong> ou \u00e0 diff\u00e9rentes parties du corps.<\/p>\n<p>En massant ces zones r\u00e9flexes au niveau des pieds, on va localiser des tensions et les d\u00e9bloquer en lib\u00e9rant l\u2019influx nerveux ce qui permet de r\u00e9gulariser tout le corps \u00e0 distance.<\/p>\n<p>La r\u00e9flexologie va avoir une action \u00e0 la fois <strong>relaxante et stimulante<\/strong>, elle va am\u00e9liorer la circulation sanguine, lymphatique et \u00e9nerg\u00e9tique.<\/p>\n<h3>La nasosympathicoth\u00e9rapie<\/h3>\n<p>Voir la <a href=\"https:\/\/naturopathie.chollet-page.ch\/?page_id=70\">page d\u00e9di\u00e9e<\/a>.<\/p>\n<h3>Le massage abdominal<\/h3>\n<p>Le ventre est notre deuxi\u00e8me cerveau, (voir <a href=\"https:\/\/naturopathie.chollet-page.ch\/?page_id=67\">la page d\u00e9di\u00e9e<\/a>) il re\u00e7oit les <strong>\u00e9motions<\/strong>, qu\u2019elles soient positives ou n\u00e9gatives, et r\u00e9agit \u00e0 sa fa\u00e7on.<a href=\"https:\/\/naturopathie.chollet-page.ch\/wp-content\/uploads\/2018\/12\/massage-ventre-001.jpg\"><img decoding=\"async\" loading=\"lazy\" class=\"size-medium wp-image-493 aligncenter\" src=\"https:\/\/naturopathie.chollet-page.ch\/wp-content\/uploads\/2018\/12\/massage-ventre-001-300x257.jpg\" alt=\"\" width=\"300\" height=\"257\" srcset=\"https:\/\/naturopathie.chollet-page.ch\/wp-content\/uploads\/2018\/12\/massage-ventre-001-300x257.jpg 300w, https:\/\/naturopathie.chollet-page.ch\/wp-content\/uploads\/2018\/12\/massage-ventre-001-768x658.jpg 768w, https:\/\/naturopathie.chollet-page.ch\/wp-content\/uploads\/2018\/12\/massage-ventre-001-1024x877.jpg 1024w, https:\/\/naturopathie.chollet-page.ch\/wp-content\/uploads\/2018\/12\/massage-ventre-001.jpg 1854w\" sizes=\"(max-width: 300px) 100vw, 300px\" \/><\/a><br \/>\nSouvent dur, spasm\u00e9, douloureux au toucher, il est source de nombreux troubles localis\u00e9s ou \u00e0 distance.<br \/>\nLe masser va permettre de lib\u00e9rer les \u00e9nergies n\u00e9gatives accumul\u00e9es dans les diff\u00e9rents organes.<br \/>\nLes tensions et les blocages vont pouvoir se dissoudre, lib\u00e9rant parfois des \u00e9motions profond\u00e9ment enfouies.<\/p>\n<p>C\u2019est un massage en profondeur du ventre, associ\u00e9 \u00e0 une respiration contr\u00f4l\u00e9e.<\/p>\n<h3>Les techniques manuelles douces : la m\u00e9thode holistique<\/h3>\n<p>Cette technique manuelle vise \u00e0 r\u00e9\u00e9quilibrer les structures ost\u00e9o-articulaires et visc\u00e9rales qui ont perdu de leur mobilit\u00e9.<\/p>\n<p>Si l\u2019on consid\u00e8re que toutes les parties du corps sont li\u00e9es entre elles\u00a0et sont d\u00e9pendantes les unes des autres, le fait de lever un blocage permet de lib\u00e9rer l\u2019organisme de probl\u00e8mes collat\u00e9raux de fa\u00e7on douce et atraumatique.<\/p>\n<p>L\u2019organisme va se r\u00e9\u00e9quilibrer par lui m\u00eame, gr\u00e2ce \u00e0 l\u2019impulsion que nous allons lui donner.<\/p>\n<\/div>\n","protected":false},"excerpt":{"rendered":"<p>Les techniques manuelles visent \u00e0 travailler autant sur le physique que sur l\u2019\u00e9nergie et sa bonne circulation. Il existe de nombreuses techniques. Maitriser plusieurs techniques permet au th\u00e9rapeute de s\u2019adapter <a class=\"more-link\" href=\"https:\/\/naturopathie.chollet-page.ch\/?page_id=65\">Continue Reading &rarr;<\/a><\/p>\n","protected":false},"author":1,"featured_media":0,"parent":46,"menu_order":0,"comment_status":"closed","ping_status":"open","template":"","meta":{"footnotes":""},"_links":{"self":[{"href":"https:\/\/naturopathie.chollet-page.ch\/index.php?rest_route=\/wp\/v2\/pages\/65"}],"collection":[{"href":"https:\/\/naturopathie.chollet-page.ch\/index.php?rest_route=\/wp\/v2\/pages"}],"about":[{"href":"https:\/\/naturopathie.chollet-page.ch\/index.php?rest_route=\/wp\/v2\/types\/page"}],"author":[{"embeddable":true,"href":"https:\/\/naturopathie.chollet-page.ch\/index.php?rest_route=\/wp\/v2\/users\/1"}],"replies":[{"embeddable":true,"href":"https:\/\/naturopathie.chollet-page.ch\/index.php?rest_route=%2Fwp%2Fv2%2Fcomments&post=65"}],"version-history":[{"count":8,"href":"https:\/\/naturopathie.chollet-page.ch\/index.php?rest_route=\/wp\/v2\/pages\/65\/revisions"}],"predecessor-version":[{"id":552,"href":"https:\/\/naturopathie.chollet-page.ch\/index.php?rest_route=\/wp\/v2\/pages\/65\/revisions\/552"}],"up":[{"embeddable":true,"href":"https:\/\/naturopathie.chollet-page.ch\/index.php?rest_route=\/wp\/v2\/pages\/46"}],"wp:attachment":[{"href":"https:\/\/naturopathie.chollet-page.ch\/index.php?rest_route=%2Fwp%2Fv2%2Fmedia&parent=65"}],"curies":[{"name":"wp","href":"https:\/\/api.w.org\/{rel}","templated":true}]}}